{"id":336,"date":"2025-12-16T19:17:23","date_gmt":"2025-12-16T19:17:23","guid":{"rendered":"https:\/\/inspiration.missbagel.dk\/home\/"},"modified":"2026-01-28T16:26:06","modified_gmt":"2026-01-28T16:26:06","slug":"home","status":"publish","type":"page","link":"https:\/\/inspiration.missbagel.dk\/en\/","title":{"rendered":"Home"},"content":{"rendered":"\n<div class=\"wp-block-nk-awb nk-awb alignfull hero-video\" style=\"padding-top:var(--wp--preset--spacing--huge)\"><div class=\"nk-awb-wrap\" data-awb-type=\"video\" data-awb-video=\"mp4:https:\/\/inspiration.missbagel.dk\/wp-content\/uploads\/2025\/12\/coverr-chef-adding-parsley-to-a-dish-in-a-restaurant-2340-1080p.mp4\" data-awb-video-always-play=\"true\" data-awb-video-mobile=\"true\" data-awb-image-background-size=\"cover\" data-awb-image-background-position=\"50% 50%\"><div class=\"nk-awb-overlay\" style=\"background: linear-gradient(0deg,rgba(0,0,0,0.78) 6%,rgba(155,81,224,0) 100%);\"><\/div><div class=\"nk-awb-inner\"><img loading=\"lazy\" decoding=\"async\" src=\"https:\/\/inspiration.missbagel.dk\/wp-content\/uploads\/2025\/12\/cooking-video-poster-mfrh-original-scaled.jpg\" class=\"wp-image-198 jarallax-img\" width=\"2560\" height=\"1382\" srcset=\"https:\/\/inspiration.missbagel.dk\/wp-content\/uploads\/2025\/12\/cooking-video-poster-mfrh-original-scaled.jpg 2560w, https:\/\/inspiration.missbagel.dk\/wp-content\/uploads\/2025\/12\/cooking-video-poster-mfrh-original-300x162.jpg 300w, https:\/\/inspiration.missbagel.dk\/wp-content\/uploads\/2025\/12\/cooking-video-poster-mfrh-original-1024x553.jpg 1024w, https:\/\/inspiration.missbagel.dk\/wp-content\/uploads\/2025\/12\/cooking-video-poster-mfrh-original-768x415.jpg 768w, https:\/\/inspiration.missbagel.dk\/wp-content\/uploads\/2025\/12\/cooking-video-poster-mfrh-original-1536x829.jpg 1536w, https:\/\/inspiration.missbagel.dk\/wp-content\/uploads\/2025\/12\/cooking-video-poster-mfrh-original-2048x1105.jpg 2048w, https:\/\/inspiration.missbagel.dk\/wp-content\/uploads\/2025\/12\/cooking-video-poster-mfrh-original-500x270.jpg 500w, https:\/\/inspiration.missbagel.dk\/wp-content\/uploads\/2025\/12\/cooking-video-poster-mfrh-original-800x432.jpg 800w, https:\/\/inspiration.missbagel.dk\/wp-content\/uploads\/2025\/12\/cooking-video-poster-mfrh-original-1280x691.jpg 1280w, https:\/\/inspiration.missbagel.dk\/wp-content\/uploads\/2025\/12\/cooking-video-poster-mfrh-original-1920x1036.jpg 1920w\" sizes=\"auto, (max-width: 2560px) 100vw, 2560px\" \/><\/div><\/div><div class=\"nk-awb-wrap-content is-layout-constrained wp-block-nk-awb-is-layout-constrained\">\n<div aria-hidden=\"true\" class=\"wp-block-fsb-flexible-spacer fsb-flexible-spacer\"><div class=\"fsb-flexible-spacer__device fsb-flexible-spacer__device--lg\" style=\"height:32px\"><\/div><div class=\"fsb-flexible-spacer__device fsb-flexible-spacer__device--md\" style=\"height:24px\"><\/div><div class=\"fsb-flexible-spacer__device fsb-flexible-spacer__device--sm\" style=\"height:24px\"><\/div><\/div>\n\n\n\n<h1 class=\"wp-block-heading has-text-align-center has-text-color has-link-color has-x-large-font-size wp-elements-1e5d527717c274aa94b09556e620cec0\" style=\"color:#ffffff;font-style:normal;font-weight:900\">Recipes and inspiration<\/h1>\n\n\n\n<div class=\"gb-element-7f4a4e1b\">\n<p class=\"has-text-align-center has-text-color has-link-color wp-elements-e3749637a23ae4024371abeccebcaf0b\" style=\"color:#ffffff\"><strong>F\u00e6lles for vores opskrifter er, at det gode br\u00f8d altid er i centrum. Her finder du b\u00e5de opskrifter p\u00e5 de klassiske og velafpr\u00f8vede retter, men du kan ogs\u00e5 lade dig inspirere af nye og sp\u00e6ndende m\u00e5der, som br\u00f8d kan give velsmag til retter p\u00e5.<\/strong><\/p>\n<\/div>\n<\/div><\/div>\n\n\n\n<div class=\"wp-block-group alignfull is-layout-constrained wp-container-core-group-is-layout-56ee5b20 wp-block-group-is-layout-constrained\" style=\"margin-top:var(--wp--preset--spacing--x-large);margin-bottom:var(--wp--preset--spacing--huge);padding-right:var(--wp--preset--spacing--medium);padding-left:var(--wp--preset--spacing--medium)\"><div id=\"recipes-filter-block_cddea1815bf235a25e9e0d298bbdc695\" class=\"recipes-filter-block alignwide wp-block\" class=\"wp-block-miss-recipes-filter\">\n\t<div class=\"recipes-filter-wrapper\" data-ppp=\"6\">\n\t\t\t\t\t<div class=\"recipes-filter-categories\">\n\t\t\t\t<ul class=\"recipes-filter-list\">\n\t\t\t\t\t<li class=\"recipes-filter-item\">\n\t\t\t\t\t\t<a href=\"#\" class=\"recipes-filter-link active\" data-category=\"\">\n\t\t\t\t\t\t\tVis alle\n\t\t\t\t\t\t<\/a>\n\t\t\t\t\t<\/li>\n\t\t\t\t\t\t\t\t\t\t\t<li class=\"recipes-filter-item\">\n\t\t\t\t\t\t\t<a href=\"#\" class=\"recipes-filter-link \" data-category=\"aftensmad\">\n\t\t\t\t\t\t\t\tAftensmad\t\t\t\t\t\t\t<\/a>\n\t\t\t\t\t\t<\/li>\n\t\t\t\t\t\t\t\t\t\t\t<li class=\"recipes-filter-item\">\n\t\t\t\t\t\t\t<a href=\"#\" class=\"recipes-filter-link \" data-category=\"frokost\">\n\t\t\t\t\t\t\t\tFrokost\t\t\t\t\t\t\t<\/a>\n\t\t\t\t\t\t<\/li>\n\t\t\t\t\t\t\t\t\t\t\t<li class=\"recipes-filter-item\">\n\t\t\t\t\t\t\t<a href=\"#\" class=\"recipes-filter-link \" data-category=\"fuldkorn\">\n\t\t\t\t\t\t\t\tFuldkorn\t\t\t\t\t\t\t<\/a>\n\t\t\t\t\t\t<\/li>\n\t\t\t\t\t\t\t\t\t\t\t<li class=\"recipes-filter-item\">\n\t\t\t\t\t\t\t<a href=\"#\" class=\"recipes-filter-link \" data-category=\"madpakke\">\n\t\t\t\t\t\t\t\tMadpakke\t\t\t\t\t\t\t<\/a>\n\t\t\t\t\t\t<\/li>\n\t\t\t\t\t\t\t\t\t\t\t<li class=\"recipes-filter-item\">\n\t\t\t\t\t\t\t<a href=\"#\" class=\"recipes-filter-link \" data-category=\"morgenmad\">\n\t\t\t\t\t\t\t\tMorgenmad\t\t\t\t\t\t\t<\/a>\n\t\t\t\t\t\t<\/li>\n\t\t\t\t\t\t\t\t\t\t\t<li class=\"recipes-filter-item\">\n\t\t\t\t\t\t\t<a href=\"#\" class=\"recipes-filter-link \" data-category=\"vegetarisk\">\n\t\t\t\t\t\t\t\tVegetarisk\t\t\t\t\t\t\t<\/a>\n\t\t\t\t\t\t<\/li>\n\t\t\t\t\t\t\t\t\t<\/ul>\n\t\t\t<\/div>\n\t\t\n\t\t<div class=\"recipes-filter-content\">\n\t\t\t<div class=\"recipes-grid-wrapper\">\n\t\t\t\t\t\t\t<p class=\"no-recipes-found\">Ingen opskrifter fundet.<\/p>\n\t\t\t\t\t\t<\/div>\n\t\t<\/div>\n\t<\/div>\n<\/div>\n<\/div>\n\n\n\n<div class=\"wp-block-group alignwide overlay-cards is-layout-constrained wp-block-group-is-layout-constrained\" style=\"margin-top:var(--wp--preset--spacing--huge);margin-bottom:var(--wp--preset--spacing--x-large)\">\n<div class=\"wp-block-columns is-layout-flex wp-container-core-columns-is-layout-45bf2545 wp-block-columns-is-layout-flex\">\n<div class=\"wp-block-column has-light-green-background-color has-background is-layout-flow wp-block-column-is-layout-flow\" style=\"border-top-left-radius:18px;border-top-right-radius:18px;border-bottom-left-radius:18px;border-bottom-right-radius:18px;padding-top:0;padding-right:0;padding-bottom:0;padding-left:0\">\n<div class=\"gb-element-230fce52 img-box-1\">\n<figure class=\"wp-block-image aligncenter size-full\"><img loading=\"lazy\" decoding=\"async\" width=\"516\" height=\"472\" src=\"https:\/\/inspiration.missbagel.dk\/wp-content\/uploads\/2025\/12\/freepik__areal-shot-on-white-background-delicious-bagel-wit__12100-e1766053063446.png\" alt=\"\" class=\"wp-image-100\" srcset=\"https:\/\/inspiration.missbagel.dk\/wp-content\/uploads\/2025\/12\/freepik__areal-shot-on-white-background-delicious-bagel-wit__12100-e1766053063446.png 516w, https:\/\/inspiration.missbagel.dk\/wp-content\/uploads\/2025\/12\/freepik__areal-shot-on-white-background-delicious-bagel-wit__12100-e1766053063446-300x274.png 300w, https:\/\/inspiration.missbagel.dk\/wp-content\/uploads\/2025\/12\/freepik__areal-shot-on-white-background-delicious-bagel-wit__12100-e1766053063446-500x457.png 500w\" sizes=\"auto, (max-width: 516px) 100vw, 516px\" \/><\/figure>\n\n\n\n<h2 class=\"wp-block-heading has-text-align-center has-primary-color has-text-color has-link-color wp-elements-f9aec5c4a00f475a07582e0032d47a1d\" style=\"margin-top:0;margin-bottom:0\"><a href=\"#link\">Varm den perfekte bagel<\/a><\/h2>\n<\/div>\n<\/div>\n\n\n\n<div class=\"wp-block-column has-light-green-background-color has-background is-layout-flow wp-block-column-is-layout-flow\" style=\"border-top-left-radius:18px;border-top-right-radius:18px;border-bottom-left-radius:18px;border-bottom-right-radius:18px;padding-top:0;padding-right:0;padding-bottom:0;padding-left:0\">\n<div class=\"gb-element-984f10e2 img-box-2\">\n<figure class=\"wp-block-image size-full\"><img loading=\"lazy\" decoding=\"async\" width=\"833\" height=\"777\" src=\"https:\/\/inspiration.missbagel.dk\/wp-content\/uploads\/2025\/12\/spoon.png\" alt=\"\" class=\"wp-image-110\" srcset=\"https:\/\/inspiration.missbagel.dk\/wp-content\/uploads\/2025\/12\/spoon.png 833w, https:\/\/inspiration.missbagel.dk\/wp-content\/uploads\/2025\/12\/spoon-300x280.png 300w, https:\/\/inspiration.missbagel.dk\/wp-content\/uploads\/2025\/12\/spoon-768x716.png 768w, https:\/\/inspiration.missbagel.dk\/wp-content\/uploads\/2025\/12\/spoon-500x466.png 500w, https:\/\/inspiration.missbagel.dk\/wp-content\/uploads\/2025\/12\/spoon-800x746.png 800w\" sizes=\"auto, (max-width: 833px) 100vw, 833px\" \/><\/figure>\n\n\n\n<h2 class=\"wp-block-heading has-text-align-center has-primary-color has-text-color has-link-color wp-elements-66b8558074ef79b510182412f7db0324\" style=\"margin-top:0;margin-bottom:0\"><a href=\"#link\">V\u00e6lg den rette spread<\/a><\/h2>\n<\/div>\n<\/div>\n<\/div>\n\n\n\n<div aria-hidden=\"true\" class=\"wp-block-fsb-flexible-spacer fsb-flexible-spacer\"><div class=\"fsb-flexible-spacer__device fsb-flexible-spacer__device--lg\" style=\"height:96px\"><\/div><div class=\"fsb-flexible-spacer__device fsb-flexible-spacer__device--md\" style=\"height:32px\"><\/div><div class=\"fsb-flexible-spacer__device fsb-flexible-spacer__device--sm\" style=\"height:0px\"><\/div><\/div>\n<\/div>\n\n\n\n<div class=\"wp-block-group is-layout-constrained wp-container-core-group-is-layout-e3498099 wp-block-group-is-layout-constrained\" style=\"margin-top:var(--wp--preset--spacing--x-large);margin-bottom:var(--wp--preset--spacing--x-large);padding-right:var(--wp--preset--spacing--x-small);padding-left:var(--wp--preset--spacing--x-small)\">\n<h2 class=\"wp-block-heading has-text-align-center has-text-color has-link-color wp-elements-d7a7deb313ab9eb5b340c5dd9489308b\" style=\"color:#131514;margin-bottom:var(--wp--preset--spacing--medium)\">Pr\u00f8v Miss Bagel sammen med\u2026<\/h2>\n\n\n\n<div class=\"gb-element-10d9db53 alignwide client-logos-3\">\n<figure class=\"wp-block-image size-full\"><a href=\"https:\/\/www.skagensalmon.com\/\"><img loading=\"lazy\" decoding=\"async\" width=\"207\" height=\"141\" src=\"https:\/\/inspiration.missbagel.dk\/wp-content\/uploads\/2025\/12\/Image-30-e1766052704385.png\" alt=\"\" class=\"wp-image-81\"\/><\/a><\/figure>\n\n\n\n<figure class=\"wp-block-image size-full\"><a href=\"https:\/\/www.philadelphia.eu\/dk\/\"><img loading=\"lazy\" decoding=\"async\" width=\"202\" height=\"134\" src=\"https:\/\/inspiration.missbagel.dk\/wp-content\/uploads\/2025\/12\/Image-31.png\" alt=\"\" class=\"wp-image-82\"\/><\/a><\/figure>\n\n\n\n<figure class=\"wp-block-image size-full\"><a href=\"https:\/\/perfectseason.com\/\"><img loading=\"lazy\" decoding=\"async\" width=\"182\" height=\"182\" src=\"https:\/\/inspiration.missbagel.dk\/wp-content\/uploads\/2025\/12\/perfect.png\" alt=\"\" class=\"wp-image-88\" srcset=\"https:\/\/inspiration.missbagel.dk\/wp-content\/uploads\/2025\/12\/perfect.png 182w, https:\/\/inspiration.missbagel.dk\/wp-content\/uploads\/2025\/12\/perfect-150x150.png 150w\" sizes=\"auto, (max-width: 182px) 100vw, 182px\" \/><\/a><\/figure>\n\n\n\n<figure class=\"wp-block-image size-full\"><a href=\"https:\/\/www.hanis.dk\/\"><img loading=\"lazy\" decoding=\"async\" width=\"228\" height=\"101\" src=\"https:\/\/inspiration.missbagel.dk\/wp-content\/uploads\/2025\/12\/Image-32.png\" alt=\"\" class=\"wp-image-83\"\/><\/a><\/figure>\n\n\n\n<figure class=\"wp-block-image size-full\"><a href=\"https:\/\/www.aadaloerred.dk\/\"><img loading=\"lazy\" decoding=\"async\" width=\"244\" height=\"86\" src=\"https:\/\/inspiration.missbagel.dk\/wp-content\/uploads\/2025\/12\/Image-33.png\" alt=\"\" class=\"wp-image-84\"\/><\/a><\/figure>\n\n\n\n<figure class=\"wp-block-image size-full\"><a href=\"https:\/\/www.valsolille.dk\/\"><img loading=\"lazy\" decoding=\"async\" width=\"224\" height=\"64\" src=\"https:\/\/inspiration.missbagel.dk\/wp-content\/uploads\/2025\/12\/Image-34.png\" alt=\"\" class=\"wp-image-85\"\/><\/a><\/figure>\n\n\n\n<figure class=\"wp-block-image size-full\"><a href=\"https:\/\/slagterlampe.dk\/\"><img loading=\"lazy\" decoding=\"async\" width=\"211\" height=\"116\" src=\"https:\/\/inspiration.missbagel.dk\/wp-content\/uploads\/2025\/12\/Image-35.png\" alt=\"\" class=\"wp-image-86\"\/><\/a><\/figure>\n\n\n\n<figure class=\"wp-block-image size-full\"><a href=\"https:\/\/oxneholm.dk\/\"><img loading=\"lazy\" decoding=\"async\" width=\"189\" height=\"119\" src=\"https:\/\/inspiration.missbagel.dk\/wp-content\/uploads\/2025\/12\/Image-37.png\" alt=\"\" class=\"wp-image-87\"\/><\/a><\/figure>\n\n\n\n<h3 class=\"wp-block-heading has-text-align-center has-primary-color has-text-color has-link-color has-medium-font-size wp-elements-3db4fbd0efb0eb2e44ee97de15f0b3db\" style=\"margin-top:0;margin-bottom:0\"><strong>Dit produkt her\u2026?<\/strong><\/h3>\n<\/div>\n<\/div>\n\n\n\n<div class=\"wp-block-group alignfull has-light-green-background-color has-background is-layout-constrained wp-block-group-is-layout-constrained\">\n<div class=\"wp-block-columns alignwide is-style-reverse-mobile is-layout-flex wp-container-core-columns-is-layout-e1a2089c wp-block-columns-is-layout-flex\">\n<div class=\"wp-block-column is-layout-flow wp-block-column-is-layout-flow\" style=\"flex-basis:46%\">\n<div aria-hidden=\"true\" class=\"wp-block-fsb-flexible-spacer fsb-flexible-spacer\"><div class=\"fsb-flexible-spacer__device fsb-flexible-spacer__device--lg\" style=\"height:100px\"><\/div><div class=\"fsb-flexible-spacer__device fsb-flexible-spacer__device--md\" style=\"height:48px\"><\/div><div class=\"fsb-flexible-spacer__device fsb-flexible-spacer__device--sm\" style=\"height:12px\"><\/div><\/div>\n\n\n\n<h2 class=\"wp-block-heading has-text-color has-link-color wp-elements-dbfe2316f3630851f9891ab3c9b3adb6\" style=\"color:#246049;margin-bottom:var(--wp--preset--spacing--tiny)\">Bagt i Esperg\u00e6rde med mel fra danske kornmarker<\/h2>\n\n\n\n<p style=\"margin-top:var(--wp--preset--spacing--x-small);margin-bottom:var(--wp--preset--spacing--medium-fixed)\">Modsat af hvad mange m\u00e5ske tror, er baglen oprindeligt opfundet af polske j\u00f8der og f\u00f8rst omtalt i polsk lovgivning i 1621. Siden hen blev den bragt til USA med immigranter. Vores bagels er danske \u2013 bagt med mel fra danske marker: udviklet, bagt og produceret lige her i Danmark. S\u00e5dan kan vi bedst lide det &#8211; og har gjort det siden 2001.<\/p>\n\n\n\n<div class=\"wp-block-buttons is-layout-flex wp-block-buttons-is-layout-flex\">\n<div class=\"wp-block-button is-style-outline is-style-outline--1\"><a class=\"wp-block-button__link wp-element-button\">L\u00e6s mere her<\/a><\/div>\n<\/div>\n\n\n\n<div aria-hidden=\"true\" class=\"wp-block-fsb-flexible-spacer fsb-flexible-spacer\"><div class=\"fsb-flexible-spacer__device fsb-flexible-spacer__device--lg\" style=\"height:100px\"><\/div><div class=\"fsb-flexible-spacer__device fsb-flexible-spacer__device--md\" style=\"height:48px\"><\/div><div class=\"fsb-flexible-spacer__device fsb-flexible-spacer__device--sm\" style=\"height:32px\"><\/div><\/div>\n<\/div>\n\n\n\n<div class=\"wp-block-column break-right is-layout-flow wp-block-column-is-layout-flow\">\n<figure class=\"wp-block-image size-large bg-image\" style=\"margin-top:0;margin-bottom:0\"><img loading=\"lazy\" decoding=\"async\" width=\"1024\" height=\"560\" src=\"https:\/\/inspiration.missbagel.dk\/wp-content\/uploads\/2025\/12\/footer_field-1024x560.jpg\" alt=\"\" class=\"wp-image-203\" srcset=\"https:\/\/inspiration.missbagel.dk\/wp-content\/uploads\/2025\/12\/footer_field-1024x560.jpg 1024w, https:\/\/inspiration.missbagel.dk\/wp-content\/uploads\/2025\/12\/footer_field-300x164.jpg 300w, https:\/\/inspiration.missbagel.dk\/wp-content\/uploads\/2025\/12\/footer_field-768x420.jpg 768w, https:\/\/inspiration.missbagel.dk\/wp-content\/uploads\/2025\/12\/footer_field-500x273.jpg 500w, https:\/\/inspiration.missbagel.dk\/wp-content\/uploads\/2025\/12\/footer_field-800x437.jpg 800w, https:\/\/inspiration.missbagel.dk\/wp-content\/uploads\/2025\/12\/footer_field-1280x699.jpg 1280w, https:\/\/inspiration.missbagel.dk\/wp-content\/uploads\/2025\/12\/footer_field.jpg 1442w\" sizes=\"auto, (max-width: 1024px) 100vw, 1024px\" \/><\/figure>\n\n\n\n<div class=\"gb-element-cb5fa556 break-right-badge\">\n<figure class=\"wp-block-image size-full\" style=\"margin-top:0;margin-right:0;margin-bottom:0;margin-left:0\"><img decoding=\"async\" src=\"https:\/\/inspiration.missbagel.dk\/wp-content\/uploads\/2025\/12\/badge.svg\" alt=\"\" class=\"wp-image-205\"\/><\/figure>\n<\/div>\n<\/div>\n<\/div>\n<\/div>\n","protected":false},"excerpt":{"rendered":"<p>Varm den perfekte bagel V\u00e6lg den rette spread<\/p>\n","protected":false},"author":1,"featured_media":0,"parent":0,"menu_order":0,"comment_status":"closed","ping_status":"closed","template":"","meta":{"_acf_changed":false,"footnotes":""},"class_list":["post-336","page","type-page","status-publish"],"acf":[],"_links":{"self":[{"href":"https:\/\/inspiration.missbagel.dk\/en\/wp-json\/wp\/v2\/pages\/336","targetHints":{"allow":["GET"]}}],"collection":[{"href":"https:\/\/inspiration.missbagel.dk\/en\/wp-json\/wp\/v2\/pages"}],"about":[{"href":"https:\/\/inspiration.missbagel.dk\/en\/wp-json\/wp\/v2\/types\/page"}],"author":[{"embeddable":true,"href":"https:\/\/inspiration.missbagel.dk\/en\/wp-json\/wp\/v2\/users\/1"}],"replies":[{"embeddable":true,"href":"https:\/\/inspiration.missbagel.dk\/en\/wp-json\/wp\/v2\/comments?post=336"}],"version-history":[{"count":2,"href":"https:\/\/inspiration.missbagel.dk\/en\/wp-json\/wp\/v2\/pages\/336\/revisions"}],"predecessor-version":[{"id":431,"href":"https:\/\/inspiration.missbagel.dk\/en\/wp-json\/wp\/v2\/pages\/336\/revisions\/431"}],"wp:attachment":[{"href":"https:\/\/inspiration.missbagel.dk\/en\/wp-json\/wp\/v2\/media?parent=336"}],"curies":[{"name":"wp","href":"https:\/\/api.w.org\/{rel}","templated":true}]}}